{"id":10978,"date":"2025-01-21T16:47:19","date_gmt":"2025-01-21T21:47:19","guid":{"rendered":"https:\/\/piscineplus.webici.ca\/?post_type=product&#038;p=10978"},"modified":"2025-01-21T16:50:00","modified_gmt":"2025-01-21T21:50:00","slug":"pompe-de-piscine","status":"publish","type":"product","link":"https:\/\/piscineplus.webici.ca\/en\/product\/pompe-de-piscine\/","title":{"rendered":"Pompe de piscine"},"content":{"rendered":"<p>Ceci est un exemple de produit. Optimisez le fonctionnement de votre piscine avec cette pompe puissante et \u00e9co\u00e9nerg\u00e9tique. Con\u00e7ue pour offrir une circulation d&rsquo;eau optimale, elle assure une filtration efficace et constante. Dot\u00e9e d&rsquo;un moteur silencieux et durable, cette pompe est fabriqu\u00e9e \u00e0 partir de mat\u00e9riaux r\u00e9sistants \u00e0 la corrosion, garantissant une longue dur\u00e9e de vie, m\u00eame dans des conditions difficiles. Facile \u00e0 installer et \u00e0 entretenir, elle convient \u00e0 tous les types de piscines creus\u00e9es. Profitez d&rsquo;une eau toujours propre et limpide gr\u00e2ce \u00e0 une technologie fiable et performante.<\/p>","protected":false},"excerpt":{"rendered":"<p>Ceci est un exemple de produit. Optimisez le fonctionnement de votre piscine avec cette pompe puissante et \u00e9co\u00e9nerg\u00e9tique.<\/p>","protected":false},"featured_media":10979,"comment_status":"closed","ping_status":"closed","template":"","meta":{"_acf_changed":false},"product_brand":[],"product_cat":[17],"product_tag":[],"class_list":{"0":"post-10978","1":"product","2":"type-product","3":"status-publish","4":"has-post-thumbnail","6":"product_cat-non-classe","8":"first","9":"instock","10":"shipping-taxable","11":"purchasable","12":"product-type-simple"},"acf":[],"_links":{"self":[{"href":"https:\/\/piscineplus.webici.ca\/en\/wp-json\/wp\/v2\/product\/10978","targetHints":{"allow":["GET"]}}],"collection":[{"href":"https:\/\/piscineplus.webici.ca\/en\/wp-json\/wp\/v2\/product"}],"about":[{"href":"https:\/\/piscineplus.webici.ca\/en\/wp-json\/wp\/v2\/types\/product"}],"replies":[{"embeddable":true,"href":"https:\/\/piscineplus.webici.ca\/en\/wp-json\/wp\/v2\/comments?post=10978"}],"wp:featuredmedia":[{"embeddable":true,"href":"https:\/\/piscineplus.webici.ca\/en\/wp-json\/wp\/v2\/media\/10979"}],"wp:attachment":[{"href":"https:\/\/piscineplus.webici.ca\/en\/wp-json\/wp\/v2\/media?parent=10978"}],"wp:term":[{"taxonomy":"product_brand","embeddable":true,"href":"https:\/\/piscineplus.webici.ca\/en\/wp-json\/wp\/v2\/product_brand?post=10978"},{"taxonomy":"product_cat","embeddable":true,"href":"https:\/\/piscineplus.webici.ca\/en\/wp-json\/wp\/v2\/product_cat?post=10978"},{"taxonomy":"product_tag","embeddable":true,"href":"https:\/\/piscineplus.webici.ca\/en\/wp-json\/wp\/v2\/product_tag?post=10978"}],"curies":[{"name":"wp","href":"https:\/\/api.w.org\/{rel}","templated":true}]}}